{"id":839,"date":"2023-11-27T15:11:09","date_gmt":"2023-11-27T15:11:09","guid":{"rendered":"https:\/\/lanzarotefitandmove.com\/?page_id=839"},"modified":"2023-11-27T16:34:30","modified_gmt":"2023-11-27T16:34:30","slug":"politica-de-cookies","status":"publish","type":"page","link":"https:\/\/lanzarotefitandmove.com\/en\/politica-de-cookies\/","title":{"rendered":"Cookie Policy"},"content":{"rendered":"<div data-elementor-type=\"wp-page\" data-elementor-id=\"839\" class=\"elementor elementor-839\" data-elementor-post-type=\"page\">\n\t\t\t\t\t\t<section class=\"elementor-section elementor-top-section elementor-element elementor-element-57e51744 elementor-section-full_width elementor-section-stretched elementor-section-height-default elementor-section-height-default\" data-id=\"57e51744\" data-element_type=\"section\" data-e-type=\"section\" data-settings=\"{&quot;stretch_section&quot;:&quot;section-stretched&quot;}\">\n\t\t\t\t\t\t<div class=\"elementor-container elementor-column-gap-default\">\n\t\t\t\t\t<div class=\"elementor-column elementor-col-100 elementor-top-column elementor-element elementor-element-3bdd91be\" data-id=\"3bdd91be\" data-element_type=\"column\" data-e-type=\"column\">\n\t\t\t<div class=\"elementor-widget-wrap elementor-element-populated\">\n\t\t\t\t\t\t<div class=\"elementor-element elementor-element-261e6153 elementor-widget elementor-widget-heading\" data-id=\"261e6153\" data-element_type=\"widget\" data-e-type=\"widget\" data-widget_type=\"heading.default\">\n\t\t\t\t<div class=\"elementor-widget-container\">\n\t\t\t\t\t<h2 class=\"elementor-heading-title elementor-size-default\">Pol\u00edticas de cookies\n<\/h2>\t\t\t\t<\/div>\n\t\t\t\t<\/div>\n\t\t\t\t<div class=\"elementor-element elementor-element-351a7aff elementor-widget elementor-widget-text-editor\" data-id=\"351a7aff\" data-element_type=\"widget\" data-e-type=\"widget\" data-widget_type=\"text-editor.default\">\n\t\t\t\t<div class=\"elementor-widget-container\">\n\t\t\t\t\t\t\t\t\t<p class=\"p1\"><span class=\"s1\">Tras una auditor\u00eda realizada para la informaci\u00f3n sobre las Cookies que se usan en esta web, te informamos:<\/span><\/p><p class=\"p1\"><span class=\"s1\"><b>NUESTRA POL\u00cdTICA DE COOKIES<\/b><\/span><\/p><p class=\"p1\"><span class=\"s1\">La LSSI-CE, obliga a todos los que tenemos un blog o una web a advertir al usuario de la existencia de cookies, informar sobre ellas y requerirle permiso para descargarlas.<\/span><\/p><p class=\"p1\"><span class=\"s1\">Siguiendo lo establecido en el art. 22.2 de la Ley 34\/2002. \u201cLos prestadores de servicios podr\u00e1n utilizar dispositivos de almacenamiento y recuperaci\u00f3n de datos en equipos terminales de los destinatarios, a condici\u00f3n de que los mismos hayan dado su consentimiento despu\u00e9s de que se les haya facilitado informaci\u00f3n clara y completa sobre su utilizaci\u00f3n, en particular, sobre los fines del tratamiento de los datos, con arreglo a lo dispuesto en la Ley Org\u00e1nica 15\/1999, de 13 de diciembre, de Protecci\u00f3n de Datos de Car\u00e1cter Personal\u201d.<\/span><\/p><p class=\"p1\"><span class=\"s1\">Debes conocer que teniendo en cuenta la forma en la que funciona Internet y los sitios web, no siempre es posible contar con informaci\u00f3n actualizada de las cookies que terceras partes puedan utilizar a trav\u00e9s de este sitio web.<\/span><\/p><p class=\"p1\"><span class=\"s1\">Esto se aplica especialmente a casos en los que esta p\u00e1gina web contiene elementos integrados: es decir, textos, documentos, im\u00e1genes o breves pel\u00edculas que se almacenan en otra parte, pero se muestran en nuestro sitio web.<\/span><\/p><p class=\"p1\"><span class=\"s1\">Por consiguiente, en caso de que te encuentres con este tipo de cookies en este sitio web y no est\u00e9n enumeradas en la lista siguiente, te ruego que me lo comuniques. Tambi\u00e9n puedes ponerte en contacto directamente con el tercero para pedirle informaci\u00f3n sobre las cookies que coloca, la finalidad y la duraci\u00f3n de la cookie, y c\u00f3mo ha garantizado su privacidad.<\/span><\/p><p class=\"p1\"><span class=\"s1\"><b>Previo.- \u00bfQu\u00e9 son las Cookies?<\/b><\/span><\/p><p class=\"p1\"><span class=\"s1\">Las cookies constituyen una herramienta empleada por los servidores Web para almacenar y recuperar informaci\u00f3n acerca de sus visitantes. No es m\u00e1s que un fichero de texto que algunos servidores piden a nuestro navegador que escriba en nuestro disco duro, con informaci\u00f3n acerca de lo que hemos estado haciendo por sus p\u00e1ginas. Poseen una fecha de caducidad, que puede oscilar desde el tiempo que dure la sesi\u00f3n hasta una fecha futura especificada, a partir de la cual dejan de ser operativa.<\/span><\/p><p class=\"p1\"><span class=\"s1\"><b>1. Las cookies que utiliza esta web<\/b><br \/><b>Contenido<\/b> <br \/>En esta web se utilizan cookies propias y de terceros para conseguir que tengas una mejor experiencia de navegaci\u00f3n, puedas compartir contenido en redes sociales, para mostrarte anuncios en funci\u00f3n a tus intereses y para obtener estad\u00edsticas de usuarios.<\/span><\/p><p class=\"p1\"><span class=\"s1\">Por ello, las cookies empleadas en www.lanzarotefitandmove.com se asocian \u00fanicamente con un Usuario an\u00f3nimo y su ordenador, no proporcionan referencias que permitan deducir el nombre y apellidos del Usuario y no pueden leer datos de su disco duro ni incluir virus en sus textos. Asimismo, www.lanzarotefitandmove.com no puede leer las cookies implantadas en el disco duro del Usuario desde otros servidores.<\/span><\/p><p class=\"p1\"><span class=\"s1\">El usuario puede libremente decidir acerca de la implantaci\u00f3n o no en su disco duro de las cookies empleadas en<br \/>www.lanzarotefitandmove.com En este sentido, el usuario puede configurar su navegador para aceptar o rechazar por defecto todas las cookies o para recibir un aviso en pantalla de la recepci\u00f3n de cada cookie y decidir en ese momento su implantaci\u00f3n o no en su disco duro. Para ello le sugerimos consultar la secci\u00f3n de ayuda de su navegador para saber c\u00f3mo cambiar la configuraci\u00f3n que actualmente emplea. Aun cuando el Usuario configurase su navegador para rechazar todas las cookies o rechazase expresamente las cookies de h<br \/>www.lanzarotefitandmove.com podr\u00e1s navegar por el Portal con el \u00fanico inconveniente de no poder disfrutar de las funcionalidades del Portal que requieran la instalaci\u00f3n de alguna de ellas. En cualquier caso, el Usuario podr\u00e1 eliminar las cookies implantadas en su disco duro en cualquier momento, siguiendo el procedimiento establecido en la secci\u00f3n de ayuda de su navegador y que posteriormente detallaremos.<\/span><\/p><p class=\"p1\"><span class=\"s1\">Como usuario que eres, puedes rechazar el tratamiento de los datos o la informaci\u00f3n bloqueando estas cookies mediante la configuraci\u00f3n apropiada de tu navegador. Sin embargo, debes saber que, si lo haces, este sitio no funcione adecuadamente.<\/span><\/p><p class=\"p1\"><span class=\"s1\">Seg\u00fan los t\u00e9rminos incluidos en el art\u00edculo 22.2 de la Ley 34\/2002 de Servicios de la Sociedad de la Informaci\u00f3n y Comercio Electr\u00f3nico, si contin\u00faas navegando, estar\u00e1s prestando tu consentimiento para el empleo de las cookies que detallo a continuaci\u00f3n.<\/span><\/p><p class=\"p1\"><span class=\"s1\"><b>Las cookies de esta web ayudan a:<\/b><\/span><\/p><ul class=\"ul1\"><li class=\"li2\"><span class=\"s1\">Hacer que esta web funcione correctamente<\/span><\/li><li class=\"li2\"><span class=\"s1\">Ahorrarle el tener que iniciar sesi\u00f3n cada vez que visitas este sitio<\/span><\/li><li class=\"li2\"><span class=\"s1\">Recordarte tus ajustes durante y entre las visitas<\/span><\/li><li class=\"li2\"><span class=\"s1\">Permitirte visualizar videos<\/span><\/li><li class=\"li2\"><span class=\"s1\">Mejorar la velocidad \/ seguridad del sitio<\/span><\/li><li class=\"li2\"><span class=\"s1\">Que pueda compartir p\u00e1ginas con redes sociales<\/span><\/li><li class=\"li2\"><span class=\"s1\">Mejorar continuamente de este sitio web<\/span><\/li><li class=\"li2\"><span class=\"s1\">Mostrarte anuncios en funci\u00f3n de tus h\u00e1bitos de navegaci\u00f3n<\/span><\/li><\/ul><p class=\"p1\"><span class=\"s1\"><b>No utilizare jam\u00e1s cookies para:<\/b><\/span><\/p><ul class=\"ul1\"><li class=\"li2\"><span class=\"s1\">Recoger informaci\u00f3n de identificaci\u00f3n personal (sin tu permiso expreso)<\/span><\/li><li class=\"li2\"><span class=\"s1\">Recoger informaci\u00f3n sensible (sin tu permiso expreso)<\/span><\/li><li class=\"li2\"><span class=\"s1\">Compartir datos de identificaci\u00f3n personal a terceros<\/span><\/li><\/ul><p class=\"p1\"><span class=\"s1\"><b>2. Cookies de terceros que utilizamos en esta web y que debes conocer<\/b><br \/>Esta web, como la mayor\u00eda de sitios web, incluye funcionalidades proporcionadas por terceros.<\/span><\/p><p class=\"p1\"><span class=\"s1\">Tambi\u00e9n se ponen a prueba regularmente nuevos dise\u00f1os o servicios de terceros para recomendaciones e informes.<\/span><\/p><p class=\"p1\"><span class=\"s1\">Esto puede modificar ocasionalmente la configuraci\u00f3n de cookies y que aparezcan cookies no detalladas en la presente pol\u00edtica. Es importante que sepas que son cookies provisionales que no siempre es posible informar y que solo tienen finalidades de estudio y valoraci\u00f3n. En ning\u00fan caso se van a utilizar cookies que comprometan tu privacidad.<\/span><\/p><p class=\"p1\"><span class=\"s1\"><b>Entre las cookies de terceros m\u00e1s estables est\u00e1n:<\/b><\/span><\/p><p class=\"p1\"><span class=\"s1\"><b>Las generadas por servicios de an\u00e1lisis, concretamente, Google Analytics<\/b> para ayudar al website a analizar el uso que hacen los Usuarios del sitio web y mejorar la usabilidad del mismo, pero en ning\u00fan caso se asocian a datos que pudieran llegar a identificar al usuario.<br \/>Google Analytics, es un servicio anal\u00edtico de web prestado por Google, Inc., una compa\u00f1\u00eda de Delaware cuya oficina principal est\u00e1 en 1600 Amphitheatre Parkway, Mountain View (California), CA 94043, Estados Unidos (\u201cGoogle\u201d).<\/span><\/p><p class=\"p1\"><span class=\"s1\">El usuario puede consultar aqu\u00ed el tipo de cookies utilizadas por Google. Cookie de Google+ y Google Maps, seg\u00fan lo dispuesto en su p\u00e1gina sobre qu\u00e9 tipo de cookies utilizan.<\/span><\/p><p class=\"p1\"><span class=\"s1\">Asimismo, en ocasiones utilizamos Cookies generadas por el sistema de rastreo de Active Campaign LLC, empresa suscrita al Privacy Shield, para analizar el uso que hacen nuestros suscriptores del sitio web y mejorar su experiencia. Puedes conocer la pol\u00edtica de privacidad de esta plataforma aqu\u00ed.<br \/><b>WordPress:<\/b> MARZIA TOSCO es usuario de la plataforma de suministro y alojamiento de blogs WordPress, propiedad de la empresa norteamericana Automattic, Inc. A tales efectos, el uso de tales cookies por los sistemas no nunca est\u00e1n bajo control o gesti\u00f3n de la responsable de la web, pueden cambiar su funci\u00f3n en cualquier momento, y entrar cookies nuevas.<br \/>Estas cookies tampoco reportan al responsable de este web beneficio alguno. Automattic, Inc., utiliza adem\u00e1s otras cookies con la finalidad de ayudar a identificar y rastrear a los visitantes de los sitios de WordPress, conocer el uso que hacen del sitio web de Automattic, as\u00ed como sus preferencias de acceso al mismo, tal y como se recoge en el apartado \u201cCookies\u201d de su pol\u00edtica de privacidad.<\/span><\/p><p class=\"p1\"><span class=\"s1\"><b>Cookies de redes sociales:<\/b> Las Cookies de redes sociales pueden almacenarse en su navegador mientras navega por la web o cuando utiliza el bot\u00f3n de compartir contenidos de abcoach.com en alguna red social.<br \/>Las empresas que generan estas cookies correspondientes a las redes sociales que utiliza esta web tienen sus propias pol\u00edticas de cookies:<\/span><\/p><ul class=\"ul1\"><li class=\"li2\"><span class=\"s1\">Cookie de Twitter, seg\u00fan lo dispuesto en su pol\u00edtica de privacidad y uso de cookies.<\/span><\/li><li class=\"li2\"><span class=\"s1\">Cookie de Linkedin, seg\u00fan lo dispuesto en su Pol\u00edtica de cookies<\/span><\/li><li class=\"li2\"><span class=\"s1\">Cookie de Facebook, seg\u00fan lo dispuesto en su Pol\u00edtica de Cookies<\/span><\/li><li class=\"li2\"><span class=\"s1\">Cookie de Youtube, seg\u00fan lo dispuesto en su Pol\u00edtica de Cookies<\/span><\/li><\/ul><p class=\"p1\"><span class=\"s1\">Las implicaciones de privacidad estar\u00e1n en funci\u00f3n a cada red social y depender\u00e1n de la configuraci\u00f3n de privacidad que ha elegido en estas redes. En ning\u00fan caso, ni el responsable de esta web ni los anunciantes pueden obtener informaci\u00f3n personal identificable de estas cookies.<\/span><\/p><p class=\"p1\"><span class=\"s1\">A continuaci\u00f3n, y seg\u00fan exige el art\u00edculo 22.2 de la LSSI se detallan las cookies que pueden instalarse habitualmente durante la navegaci\u00f3n por este sitio web:<\/span><\/p>\t\t\t\t\t\t\t\t<\/div>\n\t\t\t\t<\/div>\n\t\t\t\t<div class=\"elementor-element elementor-element-3a023a28 elementor-widget elementor-widget-text-editor\" data-id=\"3a023a28\" data-element_type=\"widget\" data-e-type=\"widget\" data-widget_type=\"text-editor.default\">\n\t\t\t\t<div class=\"elementor-widget-container\">\n\t\t\t\t\t\t\t\t\t<table>\n<tbody>\n<tr>\n<td><strong>NOMBRE<\/strong><\/td>\n<td><strong>DURACI\u00d3N<\/strong><\/td>\n<td><strong>FINALIDAD<\/strong><\/td>\n<\/tr>\n<tr>\n<td>Propia:\nSesi\u00f3n tve_leads_unique<\/td>\n<td>Caduca al finalizar\nsesi\u00f3n<\/td>\n<td>Almacenan\ninformaci\u00f3n del usuario y sus sesiones para mejorar la\nexperiencia de usuario<\/td>\n<\/tr>\n<tr>\n<td>Terceros\npersistente _ga<\/td>\n<td>2 a\u00f1os a\npartir de la configuraci\u00f3n<\/td>\n<td>Se usa para\ndistinguir a los usuarios. Es una cookie perteneciente a Google\nAnalytics.\u00a0<a href=\"https:\/\/www.google.com\/intl\/es\/policies\/\" target=\"_blank\" rel=\"noreferrer noopener\">M\u00e1s\ninformaci\u00f3n<\/a><\/td>\n<\/tr>\n<tr>\n<td>Terceros\npersistente _gat<\/td>\n<td>10 minutos<\/td>\n<td>Se usa para saber el\nratio de recarga. Es una cookie perteneciente a Google Analytics.\n<a href=\"https:\/\/www.google.com\/intl\/es\/policies\/\" target=\"_blank\" rel=\"noreferrer noopener\">M\u00e1s\ninformaci\u00f3n<\/a><\/td>\n<\/tr>\n<tr>\n<td>Terceros\npersistente __utma<\/td>\n<td>2 a\u00f1os desde\ncada actualizaci\u00f3n<\/td>\n<td>Esta cookie se suele\nestablecer durante la primera visita. Si la cookie es eliminada\nmanualmente, volver\u00e1 a establecerse en la siguiente visita\ncon ID nuevo. En la mayor\u00eda de los casos esta cookie se\nutiliza para determinar visitantes \u00fanicos a nuestro sitio y\nes actualizada con cada p\u00e1gina vista. Adem\u00e1s esta\ncookie tiene un ID \u00fanico de Google Analytics que asegura\ntanto la validez de la misma como su accesibilidad como una medida\nde seguridad adicional.\u00a0<a href=\"https:\/\/www.google.com\/intl\/es\/policies\/\" target=\"_blank\" rel=\"noreferrer noopener\">M\u00e1s\ninformaci\u00f3n<\/a><\/td>\n<\/tr>\n<tr>\n<td>Terceros\npersistente __utmb<\/td>\n<td>2 a\u00f1os desde\ncada actualizaci\u00f3n<\/td>\n<td>Esta cookie se\nutiliza para establecer y continuar una sesi\u00f3n de usuario\nen nuestro sitio. Cuando un usuario visita una p\u00e1gina en\nnuestro sitio, el c\u00f3digo de Google Analytics intenta\nactualizar esta cookie. Si no encuentra la cookie, crear\u00e1\nuna nueva. Cada vez que el usuario visita una p\u00e1gina\ndistinta se actualiza esta cookie para caducar a los 30 minutos,\nde esa forma contin\u00faa encontrar una sesi\u00f3n \u00fanica\nen intervalos de 30 minutos. Esta cookie caduca cuando un usuario\ndeja de visitas nuestro sitio por un per\u00edodo de 30 minutos.\n<a href=\"https:\/\/www.google.com\/intl\/es\/policies\/\" target=\"_blank\" rel=\"noreferrer noopener\">M\u00e1s\ninformaci\u00f3n<\/a><\/td>\n<\/tr>\n<tr>\n<td>Terceros\npersistente APISID, HSID, NID,\nSAPISID, SID, SSID<\/td>\n<td>2 a\u00f1os desde\nsu instalaci\u00f3n<\/td>\n<td>Guarda preferencias\nde usuario y otra informaci\u00f3n de los servicios de Google\nque tiene el usuario.\u00a0<a href=\"https:\/\/www.google.com\/policies\/privacy\/\" target=\"_blank\" rel=\"noreferrer noopener\">M\u00e1s\ninformaci\u00f3n<\/a><\/td>\n<\/tr>\n<tr>\n<td>Terceros\npersistente __utmt<\/td>\n<td>De sesi\u00f3n<\/td>\n<td>Historicamente, esta\ncookie operaba junto con la cookie __utmb para determinar si se\ndeb\u00eda establecer una nueva sesi\u00f3n al usuario. Hoy en\nd\u00eda no se utiliza pero sigue aqu\u00ed para mantener\ncompatibilidad hacia atr\u00e1s con el c\u00f3digo de\ntheurchin.js y ga.js.\u00a0<a href=\"https:\/\/www.google.com\/intl\/es\/policies\/\" target=\"_blank\" rel=\"noreferrer noopener\">M\u00e1s\ninformaci\u00f3n<\/a><\/td>\n<\/tr>\n<tr>\n<td>Terceros\npersistente __utmz<\/td>\n<td>6 meses desde cada\nactualizaci\u00f3n<\/td>\n<td>Esta cookie guarda\ninformaci\u00f3n de referencias utilizadas por el visitante para\nllegar a nuestro sitio, ya sea de forma directa, un link de\nreferencia, una b\u00fasqueda web o una campa\u00f1a de\npublicidad o por email. Se utiliza para calcular el tr\u00e1fico\nproviniente de buscadores web, campa\u00f1as de marketing y\nnavegaci\u00f3n por nuestro sitio. Esta cookie se actualiza en\ncada vista de p\u00e1gina.\u00a0<a href=\"https:\/\/www.google.com\/intl\/es\/policies\/\" target=\"_blank\" rel=\"noreferrer noopener\">M\u00e1s\ninformaci\u00f3n<\/a><\/td>\n<\/tr>\n<tr>\n<td>Propia\npersistente __cfduid<\/td>\n<td>5 a\u00f1os<\/td>\n<td>La cookie __ cfduid\nse utiliza para anular las restricciones de seguridad basadas en\nla direcci\u00f3n IP del visitante est\u00e1 viniendo.\u00a0<a href=\"https:\/\/support.cloudflare.com\/hc\/en-us\/articles\/200170156-What-does-the-CloudFlare-cfduid-cookie-do\" target=\"_blank\" rel=\"noreferrer noopener\">M\u00e1s\ninformaci\u00f3n<\/a><\/td>\n<\/tr>\n<tr>\n<td>Terceros\npersistente __smToken<\/td>\n<td>Caduca al finalizar\nla sesi\u00f3n<\/td>\n<td>Se usa para\ndiferenciar los usuarios a los que se les ha mostrado alguna\nfuncionalidad de Sumome.\u00a0<a href=\"https:\/\/sumo.com\/tos\" target=\"_blank\" rel=\"noreferrer noopener\">M\u00e1s\ninformaci\u00f3n<\/a><\/td>\n<\/tr>\n<tr>\n<td>Propia __smVID<\/td>\n<td>Caduca al finalizar\nla sesi\u00f3n<\/td>\n<td>Almacena informaci\u00f3n\ndel usuario y sus sesiones para mejorar la experiencia de usuario.<\/td>\n<\/tr>\n<tr>\n<td>_remember_checked_on<\/td>\n<td>Caduca al finalizar\nla sesi\u00f3n<\/td>\n<td>Cookies con\nfuncionalidades de Twitter.<\/td>\n<\/tr>\n<tr>\n<td>Terceros __stripe_mid<\/td>\n<td>Caduca al finalizar\nla sesi\u00f3n<\/td>\n<td>Cookie de Stripe .\n<a href=\"https:\/\/stripe.com\/cookies-policy\/legal\" target=\"_blank\" rel=\"noreferrer noopener\">M\u00e1s\ninformaci\u00f3n<\/a><\/td>\n<\/tr>\n<tr>\n<td>Terceros\npersistente pl<\/td>\n<td>90 d\u00edas<\/td>\n<td>Se utiliza para\nregistrar que un dispositivo o un navegador iniciaron sesi\u00f3n\na trav\u00e9s de la plataforma de Facebook.<a href=\"https:\/\/www.facebook.com\/policy\/cookies\/printable\" target=\"_blank\" rel=\"noreferrer noopener\">M\u00e1s\ninformaci\u00f3n<\/a><\/td>\n<\/tr>\n<tr>\n<td>Terceros\npersistente fr<\/td>\n<td>90 d\u00edas<\/td>\n<td>Se trata de la\ncookie de publicidad principal de Facebook. Se utiliza para\nofrecer, analizar y mejorar la relevancia de los anuncios.\u00a0<a href=\"https:\/\/www.facebook.com\/policy\/cookies\/printable\" target=\"_blank\" rel=\"noreferrer noopener\">M\u00e1s\ninformaci\u00f3n<\/a><\/td>\n<\/tr>\n<tr>\n<td>Terceros\npersistente sb<\/td>\n<td>2 a\u00f1os desde\nsu instalaci\u00f3n<\/td>\n<td>Cookie de Facebook\nque identifica al navegador con fines de autenticaci\u00f3n del\ninicio de sesi\u00f3n.\u00a0<a href=\"https:\/\/www.facebook.com\/policy\/cookies\/printable\" target=\"_blank\" rel=\"noreferrer noopener\">M\u00e1s\ninformaci\u00f3n<\/a><\/td>\n<\/tr>\n<tr>\n<td>Terceros\npersistente c_user<\/td>\n<td>20 d\u00edas desde\nsu instalaci\u00f3n<\/td>\n<td>Se utiliza junto con\nla cookie xs para autenticar tu identidad en Facebook.\u00a0<a href=\"https:\/\/www.facebook.com\/policy\/cookies\/printable\" target=\"_blank\" rel=\"noreferrer noopener\">M\u00e1s\ninformaci\u00f3n<\/a><\/td>\n<\/tr>\n<tr>\n<td>Terceros\npersistente xs<\/td>\n<td>90 d\u00edas desde\nsu instalaci\u00f3n<\/td>\n<td>Se utiliza junto con\nla cookie c_user para autenticar tu identidad en Facebook.\u00a0<a href=\"https:\/\/www.facebook.com\/policy\/cookies\/printable\" target=\"_blank\" rel=\"noreferrer noopener\">M\u00e1s\ninformaci\u00f3n<\/a><\/td>\n<\/tr>\n<tr>\n<td>Terceros\npersistente datr<\/td>\n<td>2 a\u00f1os desde\nsu instalaci\u00f3n<\/td>\n<td>De Facebook que\nidentifica a los navegadores con fines de seguridad e integridad\ndel sitio, entre ellos, la recuperaci\u00f3n de cuentas y la\nidentificaci\u00f3n de cuentas que puedan estar en riesgo.\u00a0<a href=\"https:\/\/www.facebook.com\/policy\/cookies\/printable\" target=\"_blank\" rel=\"noreferrer noopener\">M\u00e1s\ninformaci\u00f3n<\/a><\/td>\n<\/tr>\n<tr>\n<td>Terceros\npersistente driftt_aid<\/td>\n<td>Caduca al finalizar\nla sesi\u00f3n<\/td>\n<td>Cookie de chat.\u00a0<a href=\"https:\/\/www.drift.com\/privacy-policy\/\" target=\"_blank\" rel=\"noreferrer noopener\">M\u00e1s\ninformaci\u00f3n<\/a><\/td>\n<\/tr>\n<tr>\n<td>Terceros\npersistente __zlcmid<\/td>\n<td>Caduca al finalizar\nla sesi\u00f3n<\/td>\n<td>Cookie de la\nherramienta Zopin utilizada para chat<\/td>\n<\/tr>\n<tr>\n<td>Terceros\npersistente ac_enable_tracking<\/td>\n<td>Caduca al finalizar\nla sesi\u00f3n<\/td>\n<td>Cookie utilizada por\nla herramienta de Email Marketing Active Campaign para trackear\nlas visitas de la web<\/td>\n<\/tr>\n<tr>\n<td>CONSENT<\/td>\n<td>Cookie de\nreproducci\u00f3n de contenido en YouTube<\/td>\n<\/tr>\n<\/tbody>\n<\/table>\t\t\t\t\t\t\t\t<\/div>\n\t\t\t\t<\/div>\n\t\t\t\t<div class=\"elementor-element elementor-element-679fada4 elementor-widget elementor-widget-text-editor\" data-id=\"679fada4\" data-element_type=\"widget\" data-e-type=\"widget\" data-widget_type=\"text-editor.default\">\n\t\t\t\t<div class=\"elementor-widget-container\">\n\t\t\t\t\t\t\t\t\t<p><strong>3. \u00bfC\u00f3mo puedo gestionar y desactivar estas cookies?<\/strong><br>En el caso de no desear que el sitio web no instale ninguna cookie en tu equipo, cabe la posibilidad de adaptar tu navegador de modo que se te notifique antes de que se descargue ninguna cookie.<\/p>\n<p>As\u00ed las cosas, se puede igualmente modificar la configuraci\u00f3n del navegador de forma que rechace todas las cookies o \u00fanicamente las cookies de terceros. Tambi\u00e9n puedes eliminar cualquiera de las cookies que ya se encuentren en tu equipo. Ten en cuenta que tendr\u00e1s que adaptar por separado la configuraci\u00f3n de cada navegador y equipo que utilices.<\/p>\n<p>www.lanzarotefitandmove.com pone a disposici\u00f3n de los usuarios que quieran impedir la instalaci\u00f3n de las mencionadas cookies, enlaces facilitados al efecto por navegadores cuyo uso se considera m\u00e1s extendido:<\/p>\n<p><strong>Google Chrome \u2013 Internet Explorer \u2013 Mozilla Firefox \u2013 Apple Safari<\/strong><\/p>\t\t\t\t\t\t\t\t<\/div>\n\t\t\t\t<\/div>\n\t\t\t\t\t<\/div>\n\t\t<\/div>\n\t\t\t\t\t<\/div>\n\t\t<\/section>\n\t\t\t\t<\/div>","protected":false},"excerpt":{"rendered":"<p>Pol\u00edticas de cookies Tras una auditor\u00eda realizada para la informaci\u00f3n sobre las Cookies que se usan en esta web, te informamos: NUESTRA POL\u00cdTICA DE COOKIES La LSSI-CE, obliga a todos los que tenemos un blog o una web a advertir al usuario de la existencia de cookies, informar sobre ellas y requerirle permiso para descargarlas. [&hellip;]<\/p>\n","protected":false},"author":1,"featured_media":0,"parent":0,"menu_order":0,"comment_status":"closed","ping_status":"closed","template":"","meta":{"footnotes":""},"class_list":["post-839","page","type-page","status-publish","hentry"],"_links":{"self":[{"href":"https:\/\/lanzarotefitandmove.com\/en\/wp-json\/wp\/v2\/pages\/839","targetHints":{"allow":["GET"]}}],"collection":[{"href":"https:\/\/lanzarotefitandmove.com\/en\/wp-json\/wp\/v2\/pages"}],"about":[{"href":"https:\/\/lanzarotefitandmove.com\/en\/wp-json\/wp\/v2\/types\/page"}],"author":[{"embeddable":true,"href":"https:\/\/lanzarotefitandmove.com\/en\/wp-json\/wp\/v2\/users\/1"}],"replies":[{"embeddable":true,"href":"https:\/\/lanzarotefitandmove.com\/en\/wp-json\/wp\/v2\/comments?post=839"}],"version-history":[{"count":8,"href":"https:\/\/lanzarotefitandmove.com\/en\/wp-json\/wp\/v2\/pages\/839\/revisions"}],"predecessor-version":[{"id":1054,"href":"https:\/\/lanzarotefitandmove.com\/en\/wp-json\/wp\/v2\/pages\/839\/revisions\/1054"}],"wp:attachment":[{"href":"https:\/\/lanzarotefitandmove.com\/en\/wp-json\/wp\/v2\/media?parent=839"}],"curies":[{"name":"wp","href":"https:\/\/api.w.org\/{rel}","templated":true}]}}