{"id":853,"date":"2023-11-27T15:26:09","date_gmt":"2023-11-27T15:26:09","guid":{"rendered":"https:\/\/lanzarotefitandmove.com\/politica-de-cookies-copy\/"},"modified":"2023-11-27T16:34:01","modified_gmt":"2023-11-27T16:34:01","slug":"politica-de-privacidad","status":"publish","type":"page","link":"https:\/\/lanzarotefitandmove.com\/en\/politica-de-privacidad\/","title":{"rendered":"Privacy Policy"},"content":{"rendered":"<div data-elementor-type=\"wp-page\" data-elementor-id=\"853\" class=\"elementor elementor-853\" data-elementor-post-type=\"page\">\n\t\t\t\t\t\t<section class=\"elementor-section elementor-top-section elementor-element elementor-element-64b71d87 elementor-section-full_width elementor-section-height-default elementor-section-height-default\" data-id=\"64b71d87\" data-element_type=\"section\" data-e-type=\"section\">\n\t\t\t\t\t\t<div class=\"elementor-container elementor-column-gap-default\">\n\t\t\t\t\t<div class=\"elementor-column elementor-col-100 elementor-top-column elementor-element elementor-element-7f960f3c\" data-id=\"7f960f3c\" data-element_type=\"column\" data-e-type=\"column\">\n\t\t\t<div class=\"elementor-widget-wrap elementor-element-populated\">\n\t\t\t\t\t\t<div class=\"elementor-element elementor-element-59191b elementor-widget elementor-widget-heading\" data-id=\"59191b\" data-element_type=\"widget\" data-e-type=\"widget\" data-widget_type=\"heading.default\">\n\t\t\t\t<div class=\"elementor-widget-container\">\n\t\t\t\t\t<h1 class=\"elementor-heading-title elementor-size-default\">Privacy Policy<\/h1>\t\t\t\t<\/div>\n\t\t\t\t<\/div>\n\t\t\t\t<div class=\"elementor-element elementor-element-319d4622 elementor-widget elementor-widget-text-editor\" data-id=\"319d4622\" data-element_type=\"widget\" data-e-type=\"widget\" data-widget_type=\"text-editor.default\">\n\t\t\t\t<div class=\"elementor-widget-container\">\n\t\t\t\t\t\t\t\t\t<div id=\"all\"><div class=\"container container-lectura\"><div class=\"row\"><div class=\"col-md-12\"><p class=\"p1\"><span class=\"s1\">\u00a0MARZIA TOSCO te informa sobre su Pol\u00edtica de Privacidad respecto del tratamiento y protecci\u00f3n de los datos de car\u00e1cter personal de los usuarios y clientes que puedan ser recabados por la navegaci\u00f3n o contrataci\u00f3n de servicios a trav\u00e9s del sitio web\u00a0www.lanzarotefitandmove.com<\/span><\/p><p class=\"p2\"><span class=\"s1\">En este sentido, el Titular garantiza el cumplimiento de la normativa vigente en materia de protecci\u00f3n de datos personales, reflejada en la Ley Org\u00e1nica 3\/2018, de 5 de diciembre, de Protecci\u00f3n de Datos Personales y de Garant\u00eda de Derechos Digitales (LOPD GDD). Cumple tambi\u00e9n con el Reglamento (UE) 2016\/679 del Parlamento Europeo y del Consejo de 27 de abril de 2016 relativo a la protecci\u00f3n de las personas f\u00edsicas (RGPD).<\/span><\/p><p class=\"p2\"><span class=\"s1\">El uso de sitio Web implica la aceptaci\u00f3n de esta Pol\u00edtica de Privacidad as\u00ed como las condiciones incluidas en el Aviso Legal.<\/span><\/p><p class=\"p3\"><span class=\"s1\"><b>Identidad del responsable<\/b><\/span><\/p><ul class=\"ul1\"><li class=\"li1\"><span class=\"s1\">Titular:\u00a0MARZIA TOSCO<\/span><\/li><li class=\"li1\"><span class=\"s1\">NIF\/CIF: Y4035321P<\/span><\/li><li class=\"li1\"><span class=\"s1\">Domicilio: CALLE CORBETA 89 &#8211; 35510 &#8211; PLAYA HONDA LANZAROTE &#8211; LAS PALMAS &#8211; ESPA\u00d1A<\/span><\/li><li class=\"li1\"><span class=\"s1\">Correo electr\u00f3nico: hola@lanzarotefitandmove.com<\/span><\/li><li class=\"li1\"><span class=\"s1\">Sitio Web:\u00a0www.lanzarotefitandmove.com<\/span><\/li><\/ul><p class=\"p3\"><span class=\"s1\"><b>Principios aplicados en el tratamiento de datos<\/b><\/span><\/p><p class=\"p2\"><span class=\"s1\">En el tratamiento de tus datos personales, el Titular aplicar\u00e1 los siguientes principios que se ajustan a las exigencias del nuevo reglamento europeo de protecci\u00f3n de datos:<\/span><\/p><ul class=\"ul1\"><li class=\"li1\"><b><\/b><span class=\"s1\"><b>Principio de licitud, lealtad y transparencia:<\/b>\u00a0El Titular siempre requerir\u00e1 el consentimiento para el tratamiento de tus datos personales que puede ser para uno o varios fines espec\u00edficos sobre los que te informar\u00e1 previamente con absoluta transparencia.<\/span><\/li><li class=\"li1\"><b><\/b><span class=\"s1\"><b>Principio de minimizaci\u00f3n de datos:<\/b>\u00a0El Titular te solicitar\u00e1 solo los datos estrictamente necesarios para el fin o los fines que los solicita.<\/span><\/li><li class=\"li1\"><b><\/b><span class=\"s1\"><b>Principio de limitaci\u00f3n del plazo de conservaci\u00f3n:<\/b>\u00a0Los datos se mantendr\u00e1n durante el tiempo estrictamente necesario para el fin o los fines del tratamiento.<br \/>El Titular te informar\u00e1 del plazo de conservaci\u00f3n correspondiente seg\u00fan la finalidad. En el caso de suscripciones, el Titular revisar\u00e1 peri\u00f3dicamente las listas y eliminar\u00e1 aquellos registros inactivos durante un tiempo considerable.<\/span><\/li><li class=\"li1\"><b><\/b><span class=\"s1\"><b>Principio de integridad y confidencialidad:<\/b>\u00a0Tus datos ser\u00e1n tratados de tal manera que su seguridad, confidencialidad e integridad est\u00e9 garantizada. Debes saber que el Titular toma las precauciones necesarias para evitar el acceso no autorizado o uso indebido de los datos de sus usuarios por parte de terceros.<\/span><\/li><\/ul><p class=\"p3\"><span class=\"s1\"><b>Obtenci\u00f3n de datos personales<\/b><\/span><\/p><p class=\"p2\"><span class=\"s1\">Para navegar por\u00a0www.foeconso.com\u00a0no es necesario que facilites ning\u00fan dato personal. Los casos en los que s\u00ed proporcionas tus datos personales son los siguientes:<\/span><\/p><ul class=\"ul1\"><li class=\"li1\"><span class=\"s1\">Al contactar a trav\u00e9s de los formularios de contacto o enviar un correo electr\u00f3nico.<\/span><\/li><\/ul><p class=\"p3\"><span class=\"s1\"><b>Tus derechos<\/b><\/span><\/p><p class=\"p2\"><span class=\"s1\">El Titular te informa que sobre tus datos personales tienes derecho a:<\/span><\/p><ul class=\"ul1\"><li class=\"li1\"><span class=\"s1\">Solicitar el acceso a los datos almacenados.<\/span><\/li><li class=\"li1\"><span class=\"s1\">Solicitar una rectificaci\u00f3n o la cancelaci\u00f3n.<\/span><\/li><li class=\"li1\"><span class=\"s1\">Solicitar la limitaci\u00f3n de su tratamiento.<\/span><\/li><li class=\"li1\"><span class=\"s1\">Oponerte al tratamiento.<\/span><\/li><li class=\"li1\"><span class=\"s1\">Solicitar la portabilidad de tus datos.<\/span><\/li><\/ul><p class=\"p2\"><span class=\"s1\">El ejercicio de estos derechos es personal y por tanto debe ser ejercido directamente por el interesado, solicit\u00e1ndolo directamente al Titular, lo que significa que cualquier cliente, suscriptor o colaborador que haya facilitado sus datos en alg\u00fan momento puede dirigirse al Titular y pedir informaci\u00f3n sobre los datos que tiene almacenados y c\u00f3mo los ha obtenido, solicitar la rectificaci\u00f3n de los mismos, solicitar la portabilidad de sus datos personales, oponerse al tratamiento, limitar su uso o solicitar la cancelaci\u00f3n de esos datos en los ficheros del Titular.<\/span><\/p><p class=\"p2\"><span class=\"s1\">Para ejercitar tus derechos de acceso, rectificaci\u00f3n, cancelaci\u00f3n, portabilidad y oposici\u00f3n tienes que enviar un correo electr\u00f3nico a hola@lanzarotefitandmove.com \u00a0junto con la prueba v\u00e1lida en derecho como una fotocopia del D.N.I. o equivalente.<\/span><\/p><p class=\"p2\"><span class=\"s1\">Tienes derecho a la tutela judicial efectiva y a presentar una reclamaci\u00f3n ante la autoridad de control, en este caso, la Agencia Espa\u00f1ola de Protecci\u00f3n de Datos, si consideras que el tratamiento de datos personales que te conciernen infringe el Reglamento.<\/span><\/p><p class=\"p3\"><span class=\"s1\"><b>Finalidad del tratamiento de datos personales<\/b><\/span><\/p><p class=\"p2\"><span class=\"s1\">Cuando te conectas al sitio Web para mandar un correo al Titular, te suscribes a su bolet\u00edn o realizas una contrataci\u00f3n, est\u00e1s facilitando informaci\u00f3n de car\u00e1cter personal de la que el responsable es el Titular. Esta informaci\u00f3n puede incluir datos de car\u00e1cter personal como pueden ser tu direcci\u00f3n IP, nombre y apellidos, direcci\u00f3n f\u00edsica, direcci\u00f3n de correo electr\u00f3nico, n\u00famero de tel\u00e9fono, y otra informaci\u00f3n. Al facilitar esta informaci\u00f3n, das tu consentimiento para que tu informaci\u00f3n sea recopilada, utilizada, gestionada y almacenada por superadmin.es , s\u00f3lo como se describe en el Aviso Legal y en la presente Pol\u00edtica de Privacidad.<\/span><\/p><p class=\"p2\"><span class=\"s1\">Los datos personales y la finalidad del tratamiento por parte del Titular es diferente seg\u00fan el sistema de captura de informaci\u00f3n:<\/span><\/p><ul class=\"ul1\"><li class=\"li1\"><b><\/b><span class=\"s1\"><b>Formularios de contacto:<\/b>\u00a0El Titular solicita datos personales entre los que pueden estar: Nombre y apellidos, direcci\u00f3n de correo electr\u00f3nico, n\u00famero de tel\u00e9fono y direcci\u00f3n de tu sitio Web con la finalidad de responder a tus consultas.<br \/>Por ejemplo, el Titular utiliza esos datos para dar respuesta a tus mensajes, dudas, quejas, comentarios o inquietudes que puedas tener relativas a la informaci\u00f3n incluida en el sitio Web, los servicios que se prestan a trav\u00e9s del sitio Web, el tratamiento de tus datos personales, cuestiones referentes a los textos legales incluidos en el sitio Web, as\u00ed como cualquier otra consulta que puedas tener y que no est\u00e9 sujeta a las condiciones del sitio Web o de la contrataci\u00f3n.<\/span><\/li><\/ul><p class=\"p2\"><span class=\"s1\">Existen otras finalidades por las que el Titular trata tus datos personales:<\/span><\/p><ul class=\"ul1\"><li class=\"li1\"><span class=\"s1\">Para garantizar el cumplimiento de las condiciones recogidas en el Aviso Legal y en la ley aplicable. Esto puede incluir el desarrollo de herramientas y algoritmos que ayuden a este sitio Web a garantizar la confidencialidad de los datos personales que recoge.<\/span><\/li><li class=\"li1\"><span class=\"s1\">Para apoyar y mejorar los servicios que ofrece este sitio Web.<\/span><\/li><li class=\"li1\"><span class=\"s1\">Para analizar la navegaci\u00f3n. El Titular recoge otros datos no identificativos que se obtienen mediante el uso de cookies que se descargan en tu ordenador cuando navegas por el sitio Web cuyas caracter\u00edsiticas y finalidad est\u00e1n detalladas en la Pol\u00edtica de Cookies .<\/span><\/li><li class=\"li1\"><span class=\"s1\">Para gestionar las redes sociales. el Titular tiene presencia en redes sociales. Si te haces seguidor en las redes sociales del Titular el tratamiento de los datos personales se regir\u00e1 por este apartado, as\u00ed como por aquellas condiciones de uso, pol\u00edticas de privacidad y normativas de acceso que pertenezcan a la red social que proceda en cada caso y que has aceptado previamente.<\/span><\/li><\/ul><p class=\"p2\"><span class=\"s1\">El Titular tratar\u00e1 tus datos personales con la finalidad de administrar correctamente su presencia en la red social, informarte de sus actividades, productos o servicios, as\u00ed como para cualquier otra finalidad que las normativas de las redes sociales permitan.<\/span><\/p><p class=\"p2\"><span class=\"s1\">En ning\u00fan caso el Titular utilizar\u00e1 los perfiles de seguidores en redes sociales para enviar publicidad de manera individual.<\/span><\/p><p class=\"p3\"><span class=\"s1\"><b>Seguridad de los datos personales<\/b><\/span><\/p><p class=\"p2\"><span class=\"s1\">Para proteger tus datos personales, el Titular toma todas las precauciones razonables y sigue las mejores pr\u00e1cticas de la industria para evitar su p\u00e9rdida, mal uso, acceso indebido, divulgaci\u00f3n, alteraci\u00f3n o destrucci\u00f3n de los mismos.<\/span><\/p><p class=\"p2\"><span class=\"s1\">El sitio Web est\u00e1 alojado en https:\/\/dinahosting.com. La seguridad de tus datos est\u00e1 garantizada, ya que toman todas las medidas de seguridad necesarias para ello. Puedes consultar su pol\u00edtica de privacidad para tener m\u00e1s informaci\u00f3n.<\/span><\/p><p class=\"p3\"><span class=\"s1\"><b>Contenido de otros sitios web<\/b><\/span><\/p><p class=\"p2\"><span class=\"s1\">Las p\u00e1ginas de este sitio Web pueden incluir contenido incrustado (por ejemplo, v\u00eddeos, im\u00e1genes, art\u00edculos, etc.). El contenido incrustado de otras web se comporta exactamente de la misma manera que si hubieras visitado la otra web.<\/span><\/p><p class=\"p2\"><span class=\"s1\">Estos sitios Web pueden recopilar datos sobre ti, utilizar cookies, incrustar un c\u00f3digo de seguimiento adicional de terceros, y supervisar tu interacci\u00f3n usando este c\u00f3digo.<\/span><\/p><p class=\"p3\"><span class=\"s1\"><b>Cookie Policy<\/b><\/span><\/p><p class=\"p2\"><span class=\"s1\">Para que este sitio Web funcione correctamente necesita utilizar cookies, que es una informaci\u00f3n que se almacena en tu navegador web.<\/span><\/p><p class=\"p2\"><span class=\"s1\">En la p\u00e1gina Pol\u00edtica de Cookies puedes consultar toda la informaci\u00f3n relativa a la pol\u00edtica de recogida, la finalidad y el tratamiento de las cookies.<\/span><\/p><p class=\"p3\"><span class=\"s1\"><b>Legitimaci\u00f3n para el tratamiento de datos<\/b><\/span><\/p><p class=\"p2\"><span class=\"s1\">La base legal para el tratamiento de tus datos es: el consentimiento.<\/span><\/p><p class=\"p2\"><span class=\"s1\">Para contactar con el Titular, suscribirte a un bolet\u00edn o realizar comentarios en este sitio Web tienes que aceptar la presente Pol\u00edtica de Privacidad.<\/span><\/p><p class=\"p3\"><span class=\"s1\"><b>Categor\u00edas de datos personales<\/b><\/span><\/p><p class=\"p2\"><span class=\"s1\">Las categor\u00edas de datos personales que trata el Titular son:<\/span><\/p><ul class=\"ul1\"><li class=\"li1\"><span class=\"s1\">Datos identificativos.<\/span><\/li><\/ul><p class=\"p3\"><span class=\"s1\"><b>Conservaci\u00f3n de datos personales<\/b><\/span><\/p><p class=\"p2\"><span class=\"s1\">Los datos personales que proporciones al Titular se conservar\u00e1n hasta que solicites su supresi\u00f3n.<\/span><\/p><p class=\"p3\"><span class=\"s1\"><b>Destinatarios de datos personales<\/b><\/span><\/p><ul class=\"ul1\"><li class=\"li1\"><b><\/b><span class=\"s1\"><b>Google Analytics<\/b>\u00a0es un servicio de anal\u00edtica web prestado por Google, Inc., una compa\u00f1\u00eda de Delaware cuya oficina principal est\u00e1 en 1600 Amphitheatre Parkway, Mountain View (California), CA 94043, Estados Unidos (\u201cGoogle\u201d). Encontrar\u00e1s m\u00e1s informaci\u00f3n en:\u00a0<a href=\"https:\/\/analytics.google.com\/\" target=\"_blank\" rel=\"noopener\"><span class=\"s2\"><b>https:\/\/analytics.google.com<\/b><\/span><\/a><br \/>Google Analytics utiliza \u201ccookies\u201d, que son archivos de texto ubicados en tu ordenador, para ayudar al Titular a analizar el uso que hacen los usuarios del sitio Web. La informaci\u00f3n que genera la cookie acerca del uso del sitio Web (incluyendo tu direcci\u00f3n IP) ser\u00e1 directamente transmitida y archivada por Google en los servidores de Estados Unidos.<\/span><\/li><\/ul><p class=\"p2\"><span class=\"s1\">Tambi\u00e9n puedes ver una lista de los tipos de cookies que utiliza Google y sus colaboradores y toda la informaci\u00f3n relativa al uso que hacen de cookies publicitarias.<\/span><\/p><p class=\"p3\"><span class=\"s1\"><b>Navegaci\u00f3n Web<\/b><\/span><\/p><p class=\"p2\"><span class=\"s1\">Al navegar por\u00a0www.lanzarotefitandmove.com\u00a0se pueden recoger datos no identificativos, que pueden incluir, la direcci\u00f3n IP, geolocalizaci\u00f3n, un registro de c\u00f3mo se utilizan los servicios y sitios, h\u00e1bitos de navegaci\u00f3n y otros datos que no pueden ser utilizados para identificarte.<\/span><\/p><p class=\"p2\"><span class=\"s1\">El sitio Web utiliza los siguientes servicios de an\u00e1lisis de terceros:<\/span><\/p><ul class=\"ul1\"><li class=\"li1\"><span class=\"s1\">Google Analytics<\/span><\/li><\/ul><p class=\"p2\"><span class=\"s1\">El Titular utiliza la informaci\u00f3n obtenida para obtener datos estad\u00edsticos, analizar tendencias, administrar el sitio, estudiar patrones de navegaci\u00f3n y para recopilar informaci\u00f3n demogr\u00e1fica.<\/span><\/p><p class=\"p3\"><span class=\"s1\"><b>Exactitud y veracidad de los datos personales<\/b><\/span><\/p><p class=\"p2\"><span class=\"s1\">Te comprometes a que los datos facilitados al Titular sean correctos, completos, exactos y vigentes, as\u00ed como a mantenerlos debidamente actualizados.<\/span><\/p><p class=\"p2\"><span class=\"s1\">Como Usuario del sitio Web eres el \u00fanico responsable de la veracidad y correcci\u00f3n de los datos que remitas al sitio exonerando a el Titular de cualquier responsabilidad al respecto.<\/span><\/p><p class=\"p3\"><span class=\"s1\"><b>Aceptaci\u00f3n y consentimiento<\/b><\/span><\/p><p class=\"p2\"><span class=\"s1\">Como Usuario del sitio Web declaras haber sido informado de las condiciones sobre protecci\u00f3n de datos de car\u00e1cter personal, aceptas y consientes el tratamiento de los mismos por parte de el Titular en la forma y para las finalidades indicadas en esta Pol\u00edtica de Privacidad.<\/span><\/p><p class=\"p3\"><span class=\"s1\"><b>Revocabilidad<\/b><\/span><\/p><p class=\"p2\"><span class=\"s1\">Para ejercitar tus derechos de acceso, rectificaci\u00f3n, cancelaci\u00f3n, portabilidad y oposici\u00f3n tienes que enviar un correo electr\u00f3nico a\u00a0hola@lanzarotefitandmove.com\u00a0junto con la prueba v\u00e1lida en derecho como una fotocopia del D.N.I. o equivalente.<\/span><\/p><p class=\"p2\"><span class=\"s1\">El ejercicio de tus derechos no incluye ning\u00fan dato que el Titular est\u00e9 obligado a conservar con fines administrativos, legales o de seguridad.<\/span><\/p><p class=\"p3\"><span class=\"s1\"><b>Cambios en la Pol\u00edtica de Privacidad<\/b><\/span><\/p><p class=\"p2\"><span class=\"s1\">El Titular se reserva el derecho a modificar la presente Pol\u00edtica de Privacidad para adaptarla a novedades legislativas o jurisprudenciales, as\u00ed como a pr\u00e1cticas de la industria.<\/span><\/p><p class=\"p2\"><span class=\"s1\">Estas pol\u00edticas estar\u00e1n vigentes hasta que sean modificadas por otras debidamente publicadas.www.lanzarotefitandmove.com<\/span><\/p><\/div><\/div><\/div><\/div>\t\t\t\t\t\t\t\t<\/div>\n\t\t\t\t<\/div>\n\t\t\t\t\t<\/div>\n\t\t<\/div>\n\t\t\t\t\t<\/div>\n\t\t<\/section>\n\t\t\t\t<\/div>","protected":false},"excerpt":{"rendered":"<p>Pol\u00edtica de Privacidad \u00a0MARZIA TOSCO te informa sobre su Pol\u00edtica de Privacidad respecto del tratamiento y protecci\u00f3n de los datos de car\u00e1cter personal de los usuarios y clientes que puedan ser recabados por la navegaci\u00f3n o contrataci\u00f3n de servicios a trav\u00e9s del sitio web\u00a0www.lanzarotefitandmove.com En este sentido, el Titular garantiza el cumplimiento de la normativa [&hellip;]<\/p>\n","protected":false},"author":1,"featured_media":0,"parent":0,"menu_order":0,"comment_status":"closed","ping_status":"closed","template":"","meta":{"footnotes":""},"class_list":["post-853","page","type-page","status-publish","hentry"],"_links":{"self":[{"href":"https:\/\/lanzarotefitandmove.com\/en\/wp-json\/wp\/v2\/pages\/853","targetHints":{"allow":["GET"]}}],"collection":[{"href":"https:\/\/lanzarotefitandmove.com\/en\/wp-json\/wp\/v2\/pages"}],"about":[{"href":"https:\/\/lanzarotefitandmove.com\/en\/wp-json\/wp\/v2\/types\/page"}],"author":[{"embeddable":true,"href":"https:\/\/lanzarotefitandmove.com\/en\/wp-json\/wp\/v2\/users\/1"}],"replies":[{"embeddable":true,"href":"https:\/\/lanzarotefitandmove.com\/en\/wp-json\/wp\/v2\/comments?post=853"}],"version-history":[{"count":5,"href":"https:\/\/lanzarotefitandmove.com\/en\/wp-json\/wp\/v2\/pages\/853\/revisions"}],"predecessor-version":[{"id":1053,"href":"https:\/\/lanzarotefitandmove.com\/en\/wp-json\/wp\/v2\/pages\/853\/revisions\/1053"}],"wp:attachment":[{"href":"https:\/\/lanzarotefitandmove.com\/en\/wp-json\/wp\/v2\/media?parent=853"}],"curies":[{"name":"wp","href":"https:\/\/api.w.org\/{rel}","templated":true}]}}