{"id":862,"date":"2023-11-27T15:34:17","date_gmt":"2023-11-27T15:34:17","guid":{"rendered":"https:\/\/lanzarotefitandmove.com\/politica-de-privacidad-copy\/"},"modified":"2024-04-02T09:14:43","modified_gmt":"2024-04-02T09:14:43","slug":"declaracion-de-accesibilidad","status":"publish","type":"page","link":"https:\/\/lanzarotefitandmove.com\/en\/declaracion-de-accesibilidad\/","title":{"rendered":"Accessibility declaration"},"content":{"rendered":"\t\t<div data-elementor-type=\"wp-page\" data-elementor-id=\"862\" class=\"elementor elementor-862\" data-elementor-post-type=\"page\">\n\t\t\t\t\t\t<section class=\"elementor-section elementor-top-section elementor-element elementor-element-4f50619e elementor-section-full_width elementor-section-height-default elementor-section-height-default\" data-id=\"4f50619e\" data-element_type=\"section\" data-e-type=\"section\">\n\t\t\t\t\t\t<div class=\"elementor-container elementor-column-gap-default\">\n\t\t\t\t\t<div class=\"elementor-column elementor-col-100 elementor-top-column elementor-element elementor-element-551665ba\" data-id=\"551665ba\" data-element_type=\"column\" data-e-type=\"column\">\n\t\t\t<div class=\"elementor-widget-wrap elementor-element-populated\">\n\t\t\t\t\t\t<div class=\"elementor-element elementor-element-589972e0 elementor-widget elementor-widget-heading\" data-id=\"589972e0\" data-element_type=\"widget\" data-e-type=\"widget\" data-widget_type=\"heading.default\">\n\t\t\t\t<div class=\"elementor-widget-container\">\n\t\t\t\t\t<h1 class=\"elementor-heading-title elementor-size-default\">Declaraci\u00f3n de accesibilidad\n<\/h1>\t\t\t\t<\/div>\n\t\t\t\t<\/div>\n\t\t\t\t<div class=\"elementor-element elementor-element-2639aecc elementor-widget elementor-widget-text-editor\" data-id=\"2639aecc\" data-element_type=\"widget\" data-e-type=\"widget\" data-widget_type=\"text-editor.default\">\n\t\t\t\t<div class=\"elementor-widget-container\">\n\t\t\t\t\t\t\t\t\t<p class=\"p1\" style=\"margin-right: 0px; margin-bottom: 12px; margin-left: 0px; font-variant-numeric: normal; font-variant-east-asian: normal; font-variant-alternates: normal; font-kerning: auto; font-optical-sizing: auto; font-feature-settings: normal; font-variation-settings: normal; font-variant-position: normal; font-stretch: normal; font-size: 12px; line-height: normal; font-family: Montserrat; -webkit-text-stroke-color: #000000;\"><span class=\"s1\" style=\"font-kerning: none;\">Lanzarote Fit &amp; Move se ha comprometido a hacer accesible su sitio web, de conformidad con el Real Decreto 1112\/2018, de 7 de septiembre, sobre accesibilidad de los sitios web y aplicaciones para dispositivos m\u00f3viles del sector p\u00fablico.<br \/>La presente declaraci\u00f3n de accesibilidad se aplica a el sitio web www.lanzarotefitandmove.com<br \/><\/span><\/p><p class=\"p1\" style=\"margin-right: 0px; margin-bottom: 12px; margin-left: 0px; font-variant-numeric: normal; font-variant-east-asian: normal; font-variant-alternates: normal; font-kerning: auto; font-optical-sizing: auto; font-feature-settings: normal; font-variation-settings: normal; font-variant-position: normal; font-stretch: normal; font-size: 12px; line-height: normal; font-family: Montserrat; -webkit-text-stroke-color: #000000;\"><span class=\"s1\" style=\"font-kerning: none;\"><b>Situaci\u00f3n de cumplimiento<br \/><\/b>Este sitio web es parcialmente conforme con el RD 1112\/2018, debido a las excepciones y a la falta de conformidad de los aspectos que se indican a continuaci\u00f3n.<br \/><\/span><\/p><p class=\"p1\" style=\"margin-right: 0px; margin-bottom: 12px; margin-left: 0px; font-variant-numeric: normal; font-variant-east-asian: normal; font-variant-alternates: normal; font-kerning: auto; font-optical-sizing: auto; font-feature-settings: normal; font-variation-settings: normal; font-variant-position: normal; font-stretch: normal; font-size: 12px; line-height: normal; font-family: Montserrat; -webkit-text-stroke-color: #000000;\"><span class=\"s1\" style=\"font-kerning: none;\"><b>Contenido no accesible<\/b><br \/>El contenido que se recoge a continuaci\u00f3n no es accesible por lo siguiente:<br \/>1. Falta de conformidad con:<\/span><\/p><p class=\"p1\" style=\"margin-right: 0px; margin-bottom: 12px; margin-left: 0px; font-variant-numeric: normal; font-variant-east-asian: normal; font-variant-alternates: normal; font-kerning: auto; font-optical-sizing: auto; font-feature-settings: normal; font-variation-settings: normal; font-variant-position: normal; font-stretch: normal; font-size: 12px; line-height: normal; font-family: Montserrat; -webkit-text-stroke-color: #000000;\"><span class=\"s1\" style=\"font-kerning: none;\">UNE 9.1.4.3 Contraste m\u00ednimo. La presentaci\u00f3n visual de texto e im\u00e1genes de texto tiene una relaci\u00f3n de contraste de al menos 4,5:1<\/span><\/p><p class=\"p1\" style=\"margin-right: 0px; margin-bottom: 12px; margin-left: 0px; font-variant-numeric: normal; font-variant-east-asian: normal; font-variant-alternates: normal; font-kerning: auto; font-optical-sizing: auto; font-feature-settings: normal; font-variation-settings: normal; font-variant-position: normal; font-stretch: normal; font-size: 12px; line-height: normal; font-family: Montserrat; -webkit-text-stroke-color: #000000;\"><span class=\"s1\" style=\"font-kerning: none;\">UNE 9.1.4.11 Contraste no textual. La presentaci\u00f3n visual de lo siguiente tiene una relaci\u00f3n de contraste de al menos 3:1 con respecto a los colores adyacentes:<br \/>\u2022 Componentes de la interfaz de usuario Informaci\u00f3n visual necesaria para identificar los componentes y estados de la interfaz de usuario, excepto los componentes inactivos o cuando se determine la apariencia del componente por el agente de usuario y no modificado por el autor;<br \/>\u2022 Objetos gr\u00e1ficos Partes de gr\u00e1ficos necesarios para comprender el contenido, excepto cuando una presentaci\u00f3n particular de gr\u00e1ficos es esencial para la informaci\u00f3n que se transmite.<\/span><\/p><p class=\"p1\" style=\"margin-right: 0px; margin-bottom: 12px; margin-left: 0px; font-variant-numeric: normal; font-variant-east-asian: normal; font-variant-alternates: normal; font-kerning: auto; font-optical-sizing: auto; font-feature-settings: normal; font-variation-settings: normal; font-variant-position: normal; font-stretch: normal; font-size: 12px; line-height: normal; font-family: Montserrat; -webkit-text-stroke-color: #000000;\"><span class=\"s1\" style=\"font-kerning: none;\">UNE 9.1.4.12 Espaciado del texto. En el contenido implementado usando lenguajes de marcado que soportan las siguientes propiedades de estilo de texto, no se produce ninguna p\u00e9rdida de contenido o funcionalidad al configurar todo lo siguiente y al no cambiar ninguna otra propiedad de estilo:<br \/>\u2013 Altura de l\u00ednea (espaciado de l\u00ednea) de al menos 1,5 veces el tama\u00f1o de la fuente;<br \/>\u2013 Espaciando los p\u00e1rrafos siguientes a por lo menos 2 veces el tama\u00f1o de la fuente;<br \/>\u2013 Espaciado de letras (rastreo) a por lo menos 0.12 veces el tama\u00f1o de la fuente;<br \/>\u2013 Espacio entre palabras de al menos 0.16 veces el tama\u00f1o de la fuente.<br \/>UNE 9.2.1.1 Teclado. Toda la funcionalidad del contenido se puede operar a trav\u00e9s de una interfaz de teclado sin que se requiera una determinada velocidad para cada pulsaci\u00f3n individual de las teclas, excepto cuando la funci\u00f3n interna requiere una entrada que depende del trayecto de los movimientos del usuario y no solo de los puntos inicial y final.<\/span><\/p><p class=\"p1\" style=\"margin-right: 0px; margin-bottom: 12px; margin-left: 0px; font-variant-numeric: normal; font-variant-east-asian: normal; font-variant-alternates: normal; font-kerning: auto; font-optical-sizing: auto; font-feature-settings: normal; font-variation-settings: normal; font-variant-position: normal; font-stretch: normal; font-size: 12px; line-height: normal; font-family: Montserrat; -webkit-text-stroke-color: #000000;\"><span class=\"s1\" style=\"font-kerning: none;\">UNE 9.2.1.4 Atajos del teclado. En el caso de que para activar los elementos de interacci\u00f3n (enlaces, botones, etc) se emplee atajos de teclado usando una letra, signo de puntuaci\u00f3n, n\u00famero o s\u00edmbolo entonces se debe cumplir al menos una de las siguientes condiciones:<br \/>\u2022 Existe un mecanismo disponible para desactivar el atajo del teclado;<br \/>\u2022 Existe un mecanismo que permite reasignar el atajo del teclado para emplear en su lugar otra tecla no imprimible (por ejemplo, Ctrl, Alt, etc.);<br \/>\u2022 El atajo del teclado s\u00f3lo se puede activar cuando el componente tiene el foco del teclado<\/span><\/p><p class=\"p1\" style=\"margin-right: 0px; margin-bottom: 12px; margin-left: 0px; font-variant-numeric: normal; font-variant-east-asian: normal; font-variant-alternates: normal; font-kerning: auto; font-optical-sizing: auto; font-feature-settings: normal; font-variation-settings: normal; font-variant-position: normal; font-stretch: normal; font-size: 12px; line-height: normal; font-family: Montserrat; -webkit-text-stroke-color: #000000;\"><span class=\"s1\" style=\"font-kerning: none;\">UNE 9.2.4.3 Orden del foco. Si se puede navegar secuencialmente por una p\u00e1gina web y las secuencias de navegaci\u00f3n afectan el significado o la operaci\u00f3n, los componentes que pueden recibir el foco lo hacen en un orden que preserva el significado y la operabilidad.<br \/>UNE 9.2.4.7 Foco visible. Cualquier interfaz de usuario operable por teclado tiene una forma de operar donde el indicador del foco del teclado resulta visible.<br \/>UNE 9.2.5.1 Gestos con el puntero. Todas las funciones que utilizan gestos multipunto o basados en rutas para la operaci\u00f3n pueden operarse con un solo puntero sin un gesto basado en rutas, a menos que sea esencial un gesto multipunto o basado en ruta.<\/span><\/p><p class=\"p1\" style=\"margin-right: 0px; margin-bottom: 12px; margin-left: 0px; font-variant-numeric: normal; font-variant-east-asian: normal; font-variant-alternates: normal; font-kerning: auto; font-optical-sizing: auto; font-feature-settings: normal; font-variation-settings: normal; font-variant-position: normal; font-stretch: normal; font-size: 12px; line-height: normal; font-family: Montserrat; -webkit-text-stroke-color: #000000;\"><span class=\"s1\" style=\"font-kerning: none;\">UNE 9.2.5.3 Cancelaci\u00f3n del puntero. Para la funcionalidad que se puede operar usando un solo puntero, al menos uno de los siguientes es verdadero:<br \/>\u2022 Sin evento descendente: El evento descendente del puntero no se usa para ejecutar ninguna parte de la funci\u00f3n;<br \/>\u2022 Abortar o Deshacer La finalizaci\u00f3n de la funci\u00f3n est\u00e1 en el evento up, y hay un mecanismo disponible para abortar la funci\u00f3n antes de que se complete o para deshacer la funci\u00f3n despu\u00e9s de que se complete;<br \/>\u2022 Inversi\u00f3n ascendente El evento ascendente invierte cualquier resultado del evento descendente anterior;<br \/>\u2022 Esencial: Completar la funci\u00f3n en el evento descendente es esencial.<\/span><\/p><p class=\"p1\" style=\"margin-right: 0px; margin-bottom: 12px; margin-left: 0px; font-variant-numeric: normal; font-variant-east-asian: normal; font-variant-alternates: normal; font-kerning: auto; font-optical-sizing: auto; font-feature-settings: normal; font-variation-settings: normal; font-variant-position: normal; font-stretch: normal; font-size: 12px; line-height: normal; font-family: Montserrat; -webkit-text-stroke-color: #000000;\"><span class=\"s1\" style=\"font-kerning: none;\">UNE 9.4.1.1 Procesamiento. En el contenido implementado mediante lenguajes de marcado, los elementos tienen etiquetas de inicio y finalizaci\u00f3n completas, los elementos se anidan de acuerdo con sus especificaciones, los elementos no contienen atributos duplicados y cualquier ID es \u00fanico, excepto donde las especificaciones permitan estas caracter\u00edsticas.<\/span><\/p><p class=\"p1\" style=\"margin-right: 0px; margin-bottom: 12px; margin-left: 0px; font-variant-numeric: normal; font-variant-east-asian: normal; font-variant-alternates: normal; font-kerning: auto; font-optical-sizing: auto; font-feature-settings: normal; font-variation-settings: normal; font-variant-position: normal; font-stretch: normal; font-size: 12px; line-height: normal; font-family: Montserrat; -webkit-text-stroke-color: #000000;\"><span class=\"s1\" style=\"font-kerning: none;\">UNE 9.6 Requisitos de conformidad de las Pautas WCAG. Se deben satisfacer, en el nivel AA, los cinco requisitos de conformidad de las Pautas WCAG 2.1 siguientes [5]:<br \/>1) nivel de conformidad;<br \/>2) p\u00e1ginas completas;<br \/>3) procesos completos;<br \/>4) uso de tecnolog\u00edas exclusivamente seg\u00fan m\u00e9todos que sean compatibles con la accesibilidad;<br \/>5) sin interferencia.<br \/>UNE 11.7 Preferencias de usuario. Cuando el software que no est\u00e1 dise\u00f1ado para aislarse de su plataforma proporcione una interfaz de usuario, esa interfaz de usuario debe seguir los valores de las preferencias del usuario con respecto a unidades de medida, color, contraste, tipo de letra, cuerpo de letra y cursor del foco de la plataforma, salvo que el usuario los anule..<br \/>UNE 11.8.1 Tecnolog\u00eda de gesti\u00f3n de contenidos. En la medida en que la informaci\u00f3n necesaria para la accesibilidad sea compatible con el formato que se utiliza para la salida de la herramienta de autor.<br \/>UNE 11.8.2 Creaci\u00f3n de contenidos accesibles. las herramientas de autor deben permitir y guiar la producci\u00f3n de contenidos conforme a los cap\u00edtulos 9 (p\u00e1ginas web) o 10 (para documento no web) (es decir, el nivel AA de las WCAG 2.1).<br \/>UNE 11.8.3 Preservaci\u00f3n de la informaci\u00f3n de accesibilidad durante las transformaciones. Si la herramienta de autor proporciona transformaciones de reestructuraci\u00f3n o de recodificaci\u00f3n y si en la tecnolog\u00eda de gesti\u00f3n de contenidos de la salida existen mecanismos equivalentes, entonces la informaci\u00f3n de accesibilidad debe preservarse en la salida.<br \/>UNE 11.8.4 Servicio de reparaci\u00f3n. Si la funcionalidad de verificaci\u00f3n de la accesibilidad de una herramienta de autor puede detectar si el contenido no cumple un requisito de los cap\u00edtulos 9 (Web) o 10 (Documentos no web), seg\u00fan proceda, entonces la herramienta de autor debe proporcionar una(s) sugerencia(s) para su reparaci\u00f3n.<br \/>UNE 11.8.5 Plantillas. Si una herramienta de autor proporciona plantillas, debe estar disponible e identificada como tal por lo menos una plantilla que sea compatible con la creaci\u00f3n de contenido conforme a los requisitos de los cap\u00edtulos 9 (Web) o 10 (Documentos no web), seg\u00fan proceda..<br \/>UNE 12.2.2 Comunicaci\u00f3n efectiva. los servicios de soporte deben proporcionar informaci\u00f3n sobre las caracter\u00edsticas de accesibilidad y compatibilidad que se incluyen en la documentaci\u00f3n del producto (como funciones de accesibilidad incorporadas y funciones de accesibilidad que brindan compatibilidad con los productos de apoyo).<br \/>UNE 12.2.3 Comunicaci\u00f3n efectiva. Los servicios de apoyo para las TIC deben adaptarse a las necesidades de comunicaci\u00f3n de las personas con discapacidad, ya sea directamente o a trav\u00e9s de un punto de derivaci\u00f3n.<br \/>UNE 12.2.4 Documentaci\u00f3n accesible. La documentaci\u00f3n suministrada por los servicios de apoyo debe proporcionarse en al menos uno de los formatos electr\u00f3nicos siguientes:<br \/>1. a) un formato web que est\u00e9 conforme con los requisitos.<br \/>2. b) un formato no web que est\u00e9 conforme con los requisitos.<br \/>3. Carga desproporcionada. NO APLICA<br \/>Preparaci\u00f3n de la presente declaraci\u00f3n de accesibilidad<br \/>La presente declaraci\u00f3n fue preparada el 3 de Junio de 2023.<br \/>El m\u00e9todo empleado para preparar la declaraci\u00f3n ha sido una autoevaluaci\u00f3n llevada a cabo por AGENTE DIGITALIZADOR.<br \/>\u00daltima revisi\u00f3n de la declaraci\u00f3n: 3 de Junio de 2023.<br \/>Observaciones y datos de contacto<br \/>Puede realizar comunicaciones sobre requisitos de accesibilidad (art\u00edculo 10.2.a) del RD 1112\/2018) como, por ejemplo:<br \/>\u2022 Informar sobre cualquier posible incumplimiento por parte de este sitio web<br \/>\u2022 Transmitir otras dificultades de acceso al contenido.<br \/>\u2022 Formular cualquier otra consulta o sugerencia de mejora relativa a la accesibilidad del sitio web.<br \/>A trav\u00e9s del formulario de contacto de este sitio web: www.lanzarotefitandmove.com contacto.<\/span><\/p><p class=\"p1\" style=\"margin-right: 0px; margin-bottom: 12px; margin-left: 0px; font-variant-numeric: normal; font-variant-east-asian: normal; font-variant-alternates: normal; font-kerning: auto; font-optical-sizing: auto; font-feature-settings: normal; font-variation-settings: normal; font-variant-position: normal; font-stretch: normal; font-size: 12px; line-height: normal; font-family: Montserrat; -webkit-text-stroke-color: #000000;\"><span class=\"s1\" style=\"font-kerning: none;\"><b>Puede presentar:<br \/><\/b>\u2022 una Queja relativa al cumplimiento de los requisitos del RD 1112\/2018 o<br \/>\u2022 una Solicitud de Informaci\u00f3n accesible relativa a:<br \/>o contenidos que est\u00e1n excluidos del \u00e1mbito de aplicaci\u00f3n del RD 1112\/2018 seg\u00fan lo establecido por el art\u00edculo 3, apartado 4.<br \/>o contenidos que est\u00e1n exentos del cumplimiento de los requisitos de accesibilidad por imponer una carga desproporcionada.<br \/>En la Solicitud de informaci\u00f3n accesible, se debe concretar, con toda claridad, los hechos, razones y petici\u00f3n que permitan constatar que se trata de una solicitud razonable y leg\u00edtima.<br \/>Las quejas y reclamaciones sobre informaci\u00f3n accesible se realizar\u00e1n a trav\u00e9s de la sede electr\u00f3nica (https:\/\/sede.red.gob.es\/procedimientos\/quejas-y-sugerencias), y ser\u00e1n recibidas y tratadas por el \u00e1rea de Sistemas de la Informaci\u00f3n de Red.es.<\/span><\/p>\t\t\t\t\t\t\t\t<\/div>\n\t\t\t\t<\/div>\n\t\t\t\t\t<\/div>\n\t\t<\/div>\n\t\t\t\t\t<\/div>\n\t\t<\/section>\n\t\t\t\t<\/div>\n\t\t","protected":false},"excerpt":{"rendered":"<p>Declaraci\u00f3n de accesibilidad Lanzarote Fit &amp; Move se ha comprometido a hacer accesible su sitio web, de conformidad con el Real Decreto 1112\/2018, de 7 de septiembre, sobre accesibilidad de los sitios web y aplicaciones para dispositivos m\u00f3viles del sector p\u00fablico.La presente declaraci\u00f3n de accesibilidad se aplica a el sitio web www.lanzarotefitandmove.com Situaci\u00f3n de cumplimientoEste [&hellip;]<\/p>\n","protected":false},"author":1,"featured_media":0,"parent":0,"menu_order":0,"comment_status":"closed","ping_status":"closed","template":"","meta":{"footnotes":""},"class_list":["post-862","page","type-page","status-publish","hentry"],"_links":{"self":[{"href":"https:\/\/lanzarotefitandmove.com\/en\/wp-json\/wp\/v2\/pages\/862","targetHints":{"allow":["GET"]}}],"collection":[{"href":"https:\/\/lanzarotefitandmove.com\/en\/wp-json\/wp\/v2\/pages"}],"about":[{"href":"https:\/\/lanzarotefitandmove.com\/en\/wp-json\/wp\/v2\/types\/page"}],"author":[{"embeddable":true,"href":"https:\/\/lanzarotefitandmove.com\/en\/wp-json\/wp\/v2\/users\/1"}],"replies":[{"embeddable":true,"href":"https:\/\/lanzarotefitandmove.com\/en\/wp-json\/wp\/v2\/comments?post=862"}],"version-history":[{"count":5,"href":"https:\/\/lanzarotefitandmove.com\/en\/wp-json\/wp\/v2\/pages\/862\/revisions"}],"predecessor-version":[{"id":973,"href":"https:\/\/lanzarotefitandmove.com\/en\/wp-json\/wp\/v2\/pages\/862\/revisions\/973"}],"wp:attachment":[{"href":"https:\/\/lanzarotefitandmove.com\/en\/wp-json\/wp\/v2\/media?parent=862"}],"curies":[{"name":"wp","href":"https:\/\/api.w.org\/{rel}","templated":true}]}}